{"id":762,"date":"2021-09-07T02:27:07","date_gmt":"2021-09-07T02:27:07","guid":{"rendered":"https:\/\/eco-cycle.ca\/?page_id=762"},"modified":"2021-09-09T14:01:14","modified_gmt":"2021-09-09T14:01:14","slug":"recyclage-de-gazon-synthetique","status":"publish","type":"page","link":"https:\/\/eco-cycle.ca\/fr\/recyclage-de-gazon-synthetique\/","title":{"rendered":"Recyclage de gazon synth\u00e9tique"},"content":{"rendered":"<div class=\"wpb-content-wrapper\"><p>[vc_row row_height_percent=\u00a0\u00bb0&Prime; override_padding=\u00a0\u00bbyes\u00a0\u00bb h_padding=\u00a0\u00bb5&Prime; top_padding=\u00a0\u00bb2&Prime; bottom_padding=\u00a0\u00bb2&Prime; overlay_alpha=\u00a0\u00bb50&Prime; gutter_size=\u00a0\u00bb3&Prime; column_width_percent=\u00a0\u00bb100&Prime; shift_y=\u00a0\u00bb0&Prime; z_index=\u00a0\u00bb0&Prime; uncode_shortcode_id=\u00a0\u00bb180339&Prime;][vc_column column_width_percent=\u00a0\u00bb100&Prime; position_vertical=\u00a0\u00bbmiddle\u00a0\u00bb gutter_size=\u00a0\u00bb3&Prime; overlay_alpha=\u00a0\u00bb50&Prime; shift_x=\u00a0\u00bb0&Prime; shift_y=\u00a0\u00bb0&Prime; shift_y_down=\u00a0\u00bb0&Prime; z_index=\u00a0\u00bb0&Prime; medium_width=\u00a0\u00bb0&Prime; mobile_width=\u00a0\u00bb0&Prime; width=\u00a0\u00bb1\/1&Prime; uncode_shortcode_id=\u00a0\u00bb207540&Prime;][vc_empty_space empty_h=\u00a0\u00bb2&Prime; medium_visibility=\u00a0\u00bbyes\u00a0\u00bb mobile_visibility=\u00a0\u00bbyes\u00a0\u00bb][vc_row_inner row_inner_height_percent=\u00a0\u00bb0&Prime; overlay_alpha=\u00a0\u00bb50&Prime; gutter_size=\u00a0\u00bb4&Prime; shift_y=\u00a0\u00bb0&Prime; z_index=\u00a0\u00bb0&Prime; uncode_shortcode_id=\u00a0\u00bb111600&Prime; limit_content=\u00a0\u00bb\u00a0\u00bb][vc_column_inner column_width_percent=\u00a0\u00bb100&Prime; position_vertical=\u00a0\u00bbmiddle\u00a0\u00bb gutter_size=\u00a0\u00bb3&Prime; overlay_alpha=\u00a0\u00bb50&Prime; shift_x=\u00a0\u00bb0&Prime; shift_y=\u00a0\u00bb0&Prime; shift_y_down=\u00a0\u00bb0&Prime; z_index=\u00a0\u00bb0&Prime; medium_width=\u00a0\u00bb0&Prime; mobile_width=\u00a0\u00bb0&Prime; width=\u00a0\u00bb1\/2&Prime; uncode_shortcode_id=\u00a0\u00bb989150&Prime;][vc_single_image media=\u00a0\u00bb520&Prime; media_width_percent=\u00a0\u00bb100&Prime; uncode_shortcode_id=\u00a0\u00bb197649&Prime;][\/vc_column_inner][vc_column_inner column_width_percent=\u00a0\u00bb100&Prime; gutter_size=\u00a0\u00bb3&Prime; overlay_alpha=\u00a0\u00bb50&Prime; shift_x=\u00a0\u00bb2&Prime; shift_y=\u00a0\u00bb0&Prime; shift_y_down=\u00a0\u00bb0&Prime; z_index=\u00a0\u00bb0&Prime; medium_width=\u00a0\u00bb0&Prime; mobile_width=\u00a0\u00bb0&Prime; width=\u00a0\u00bb1\/2&Prime; uncode_shortcode_id=\u00a0\u00bb204854&Prime;][vc_custom_heading text_color=\u00a0\u00bbdarkergreen-214677&Prime; text_weight=\u00a0\u00bb700&Prime; separator=\u00a0\u00bbyes\u00a0\u00bb separator_color=\u00a0\u00bbyes\u00a0\u00bb uncode_shortcode_id=\u00a0\u00bb456019&Prime; text_color_type=\u00a0\u00bbuncode-palette\u00a0\u00bb]Le probl\u00e8me[\/vc_custom_heading][vc_column_text uncode_shortcode_id=\u00a0\u00bb123824&Prime;]Le Synthetic Turf Council, le principal regroupement professionnel du secteur, estime qu\u2019il y a environ 15\u00a0000\u00a0surfaces en gazon synth\u00e9tique aux \u00c9tats-Unis seulement, et qu\u2019on en installe entre 1\u00a0200 et 1\u00a0500\u00a0nouvelles par ann\u00e9e, chacune d\u2019entre elles ayant une dur\u00e9e de vie de 8\u00a0\u00e0 10\u00a0ans.<\/p>\n<p>Dans un rapport produit en 2017, le Synthetic Turf Council pr\u00e9disait que, d\u2019ici la fin de la d\u00e9cennie (d\u2019ici 2020), au moins 750\u00a0terrains devraient \u00eatre remplac\u00e9s chaque ann\u00e9e. En moyenne, un terrain contient environ 40\u00a0000\u00a0livres de tapis de plastique et 400\u00a0000\u00a0livres de remplissage, d\u2019apr\u00e8s le rapport. Cela signifie qu\u2019environ 330\u00a0millions de livres de d\u00e9chets pourraient se retrouver dans nos d\u00e9potoirs chaque ann\u00e9e![\/vc_column_text][\/vc_column_inner][\/vc_row_inner][\/vc_column][\/vc_row][vc_row row_height_percent=\u00a0\u00bb0&Prime; override_padding=\u00a0\u00bbyes\u00a0\u00bb h_padding=\u00a0\u00bb5&Prime; top_padding=\u00a0\u00bb2&Prime; bottom_padding=\u00a0\u00bb2&Prime; overlay_alpha=\u00a0\u00bb50&Prime; gutter_size=\u00a0\u00bb3&Prime; column_width_percent=\u00a0\u00bb100&Prime; shift_y=\u00a0\u00bb0&Prime; z_index=\u00a0\u00bb0&Prime; uncode_shortcode_id=\u00a0\u00bb120332&Prime;][vc_column column_width_percent=\u00a0\u00bb100&Prime; position_vertical=\u00a0\u00bbmiddle\u00a0\u00bb gutter_size=\u00a0\u00bb3&Prime; overlay_alpha=\u00a0\u00bb50&Prime; shift_x=\u00a0\u00bb0&Prime; shift_y=\u00a0\u00bb0&Prime; shift_y_down=\u00a0\u00bb0&Prime; z_index=\u00a0\u00bb0&Prime; medium_width=\u00a0\u00bb0&Prime; mobile_width=\u00a0\u00bb0&Prime; width=\u00a0\u00bb1\/1&Prime; uncode_shortcode_id=\u00a0\u00bb207540&Prime;][vc_empty_space empty_h=\u00a0\u00bb1&Prime; medium_visibility=\u00a0\u00bbyes\u00a0\u00bb mobile_visibility=\u00a0\u00bbyes\u00a0\u00bb][vc_row_inner row_inner_height_percent=\u00a0\u00bb0&Prime; overlay_alpha=\u00a0\u00bb50&Prime; gutter_size=\u00a0\u00bb4&Prime; shift_y=\u00a0\u00bb0&Prime; z_index=\u00a0\u00bb0&Prime; inverted_device_order=\u00a0\u00bbyes\u00a0\u00bb uncode_shortcode_id=\u00a0\u00bb761953&Prime; limit_content=\u00a0\u00bb\u00a0\u00bb][vc_column_inner column_width_percent=\u00a0\u00bb100&Prime; position_vertical=\u00a0\u00bbmiddle\u00a0\u00bb gutter_size=\u00a0\u00bb3&Prime; overlay_alpha=\u00a0\u00bb50&Prime; shift_x=\u00a0\u00bb0&Prime; shift_y=\u00a0\u00bb0&Prime; shift_y_down=\u00a0\u00bb0&Prime; z_index=\u00a0\u00bb0&Prime; medium_width=\u00a0\u00bb0&Prime; mobile_width=\u00a0\u00bb0&Prime; width=\u00a0\u00bb1\/2&Prime; uncode_shortcode_id=\u00a0\u00bb213490&Prime;][vc_custom_heading text_color=\u00a0\u00bbdarkergreen-214677&Prime; text_weight=\u00a0\u00bb700&Prime; separator=\u00a0\u00bbyes\u00a0\u00bb separator_color=\u00a0\u00bbyes\u00a0\u00bb uncode_shortcode_id=\u00a0\u00bb178802&Prime; text_color_type=\u00a0\u00bbuncode-palette\u00a0\u00bb]La solution[\/vc_custom_heading][vc_column_text uncode_shortcode_id=\u00a0\u00bb133085&Prime;]Les ar\u00e9nas et stades sportifs, les parcs municipaux et d\u2019autres installations partout dans le monde utilisent de plus en plus de gazon synth\u00e9tique. Toutefois, m\u00eame les terrains de la meilleure qualit\u00e9 sont us\u00e9s apr\u00e8s 10\u00a0ans. La plupart du temps, se d\u00e9barrasser du gazon synth\u00e9tique n\u00e9cessite une incin\u00e9ration ou un d\u00e9p\u00f4t \u00e0 un site d\u2019enfouissement, deux options qui ont des r\u00e9percussions nuisibles et irr\u00e9versibles sur notre environnement. En faisant affaire avec Eco-Cycle, les propri\u00e9taires de terrains peuvent se d\u00e9barrasser de leur gazon synth\u00e9tique us\u00e9 de fa\u00e7on s\u00e9curitaire, \u00e9conomique et \u00e9cologique.<\/p>\n<p>Gr\u00e2ce \u00e0 Eco-Cycle, vous pouvez recycler votre gazon synth\u00e9tique us\u00e9 sans que ses composantes ne produisent de d\u00e9chets. Le processus de recyclage d\u2019Eco-Cycle produit des mati\u00e8res premi\u00e8res propres, notamment du sable, des panneaux de rev\u00eatement, du caoutchouc et de la fibre de plastique, qui peuvent servir dans de nouveaux cycles de production, et m\u00eame lors de l\u2019installation de gazon synth\u00e9tique neuf.[\/vc_column_text][\/vc_column_inner][vc_column_inner column_width_percent=\u00a0\u00bb100&Prime; position_vertical=\u00a0\u00bbmiddle\u00a0\u00bb gutter_size=\u00a0\u00bb3&Prime; overlay_alpha=\u00a0\u00bb50&Prime; shift_x=\u00a0\u00bb2&Prime; shift_y=\u00a0\u00bb0&Prime; shift_y_down=\u00a0\u00bb0&Prime; z_index=\u00a0\u00bb0&Prime; medium_width=\u00a0\u00bb0&Prime; mobile_width=\u00a0\u00bb0&Prime; width=\u00a0\u00bb1\/2&Prime; uncode_shortcode_id=\u00a0\u00bb114491&Prime;][vc_single_image media=\u00a0\u00bb522&Prime; media_width_percent=\u00a0\u00bb100&Prime; uncode_shortcode_id=\u00a0\u00bb764176&Prime;][\/vc_column_inner][\/vc_row_inner][\/vc_column][\/vc_row][vc_row row_height_percent=\u00a0\u00bb0&Prime; override_padding=\u00a0\u00bbyes\u00a0\u00bb h_padding=\u00a0\u00bb2&Prime; top_padding=\u00a0\u00bb4&Prime; bottom_padding=\u00a0\u00bb4&Prime; overlay_alpha=\u00a0\u00bb50&Prime; gutter_size=\u00a0\u00bb3&Prime; column_width_percent=\u00a0\u00bb100&Prime; shift_y=\u00a0\u00bb0&Prime; z_index=\u00a0\u00bb0&Prime; uncode_shortcode_id=\u00a0\u00bb210766&Prime;][vc_column column_width_percent=\u00a0\u00bb75&Prime; position_vertical=\u00a0\u00bbmiddle\u00a0\u00bb align_horizontal=\u00a0\u00bbalign_center\u00a0\u00bb gutter_size=\u00a0\u00bb3&Prime; overlay_alpha=\u00a0\u00bb50&Prime; shift_x=\u00a0\u00bb0&Prime; shift_y=\u00a0\u00bb0&Prime; shift_y_down=\u00a0\u00bb0&Prime; z_index=\u00a0\u00bb0&Prime; medium_width=\u00a0\u00bb0&Prime; mobile_width=\u00a0\u00bb0&Prime; width=\u00a0\u00bb1\/1&Prime; uncode_shortcode_id=\u00a0\u00bb264126&Prime;][vc_single_image media=\u00a0\u00bb360&Prime; media_width_use_pixel=\u00a0\u00bbyes\u00a0\u00bb alignment=\u00a0\u00bbcenter\u00a0\u00bb uncode_shortcode_id=\u00a0\u00bb138060&Prime; media_width_pixel=\u00a0\u00bb400&Prime;][vc_custom_heading uncode_shortcode_id=\u00a0\u00bb101624&Prime;]Eco-Cycle vise \u00e0 devenir la solution \u00e9conomique et environnementale par excellence \u00e0 l\u2019\u00e9chelle mondiale pour le recyclage du gazon synth\u00e9tique.[\/vc_custom_heading][\/vc_column][\/vc_row][vc_row row_height_percent=\u00a0\u00bb0&Prime; override_padding=\u00a0\u00bbyes\u00a0\u00bb h_padding=\u00a0\u00bb2&Prime; top_padding=\u00a0\u00bb4&Prime; bottom_padding=\u00a0\u00bb4&Prime; back_color=\u00a0\u00bbdarkergreen-214677&Prime; back_image=\u00a0\u00bb320&Prime; back_position=\u00a0\u00bbleft top\u00a0\u00bb overlay_color=\u00a0\u00bbecocycle-green\u00a0\u00bb overlay_alpha=\u00a0\u00bb90&Prime; gutter_size=\u00a0\u00bb3&Prime; column_width_percent=\u00a0\u00bb100&Prime; shift_y=\u00a0\u00bb0&Prime; z_index=\u00a0\u00bb0&Prime; uncode_shortcode_id=\u00a0\u00bb158605&Prime; back_color_type=\u00a0\u00bbuncode-palette\u00a0\u00bb overlay_color_type=\u00a0\u00bbuncode-palette\u00a0\u00bb][vc_column column_width_percent=\u00a0\u00bb100&Prime; position_vertical=\u00a0\u00bbmiddle\u00a0\u00bb align_horizontal=\u00a0\u00bbalign_center\u00a0\u00bb gutter_size=\u00a0\u00bb3&Prime; overlay_alpha=\u00a0\u00bb50&Prime; shift_x=\u00a0\u00bb0&Prime; shift_y=\u00a0\u00bb0&Prime; shift_y_down=\u00a0\u00bb0&Prime; z_index=\u00a0\u00bb0&Prime; medium_width=\u00a0\u00bb0&Prime; mobile_width=\u00a0\u00bb0&Prime; width=\u00a0\u00bb1\/1&Prime; uncode_shortcode_id=\u00a0\u00bb183335&Prime;][vc_custom_heading text_color=\u00a0\u00bblight-beige\u00a0\u00bb css_animation=\u00a0\u00bbbottom-t-top\u00a0\u00bb uncode_shortcode_id=\u00a0\u00bb128073&Prime; text_color_type=\u00a0\u00bbuncode-palette\u00a0\u00bb]Communiquez avec nous afin de contribuer \u00e0 un avenir plus vert.[\/vc_custom_heading][vc_button button_color=\u00a0\u00bblight-beige\u00a0\u00bb size=\u00a0\u00bbbtn-lg\u00a0\u00bb radius=\u00a0\u00bbbtn-circle\u00a0\u00bb outline=\u00a0\u00bbyes\u00a0\u00bb custom_typo=\u00a0\u00bbyes\u00a0\u00bb font_family=\u00a0\u00bbfont-555555&Prime; font_weight=\u00a0\u00bb600&Prime; border_width=\u00a0\u00bb0&Prime; css_animation=\u00a0\u00bbbottom-t-top\u00a0\u00bb animation_delay=\u00a0\u00bb200&Prime; link=\u00a0\u00bburl:https%3A%2F%2Feco-cycle.ca%2Ffr%2Fcontact%2F|title:Contact\u00a0\u00bb uncode_shortcode_id=\u00a0\u00bb157981&Prime; button_color_type=\u00a0\u00bbuncode-palette\u00a0\u00bb]EN SAVOIR PLUS[\/vc_button][\/vc_column][\/vc_row]<\/p>\n<\/div>","protected":false},"excerpt":{"rendered":"<p>[vc_row row_height_percent=\u00a0\u00bb0&Prime; override_padding=\u00a0\u00bbyes\u00a0\u00bb h_padding=\u00a0\u00bb5&Prime; top_padding=\u00a0\u00bb2&Prime; bottom_padding=\u00a0\u00bb2&Prime; overlay_alpha=\u00a0\u00bb50&Prime; gutter_size=\u00a0\u00bb3&Prime; column_width_percent=\u00a0\u00bb100&Prime; shift_y=\u00a0\u00bb0&Prime; z_index=\u00a0\u00bb0&Prime; uncode_shortcode_id=\u00a0\u00bb180339&Prime;][vc_column column_width_percent=\u00a0\u00bb100&Prime; position_vertical=\u00a0\u00bbmiddle\u00a0\u00bb gutter_size=\u00a0\u00bb3&Prime; overlay_alpha=\u00a0\u00bb50&Prime; shift_x=\u00a0\u00bb0&Prime; shift_y=\u00a0\u00bb0&Prime; shift_y_down=\u00a0\u00bb0&Prime; z_index=\u00a0\u00bb0&Prime; [&hellip;]<\/p>\n","protected":false},"author":1,"featured_media":0,"parent":0,"menu_order":0,"comment_status":"closed","ping_status":"closed","template":"","meta":{"footnotes":""},"class_list":["post-762","page","type-page","status-publish","hentry"],"yoast_head":"<!-- This site is optimized with the Yoast SEO plugin v27.4 - https:\/\/yoast.com\/product\/yoast-seo-wordpress\/ -->\n<title>Recyclage de gazon synth\u00e9tique - Eco-Cycle Environmental Services<\/title>\n<meta name=\"robots\" content=\"index, follow, max-snippet:-1, max-image-preview:large, max-video-preview:-1\" \/>\n<link rel=\"canonical\" href=\"https:\/\/eco-cycle.ca\/fr\/recyclage-de-gazon-synthetique\/\" \/>\n<meta property=\"og:locale\" content=\"fr_FR\" \/>\n<meta property=\"og:type\" content=\"article\" \/>\n<meta property=\"og:title\" content=\"Recyclage de gazon synth\u00e9tique - Eco-Cycle Environmental Services\" \/>\n<meta property=\"og:description\" content=\"[vc_row row_height_percent=\u00a0\u00bb0&Prime; override_padding=\u00a0\u00bbyes\u00a0\u00bb h_padding=\u00a0\u00bb5&Prime; top_padding=\u00a0\u00bb2&Prime; bottom_padding=\u00a0\u00bb2&Prime; overlay_alpha=\u00a0\u00bb50&Prime; gutter_size=\u00a0\u00bb3&Prime; column_width_percent=\u00a0\u00bb100&Prime; shift_y=\u00a0\u00bb0&Prime; z_index=\u00a0\u00bb0&Prime; uncode_shortcode_id=\u00a0\u00bb180339&Prime;][vc_column column_width_percent=\u00a0\u00bb100&Prime; position_vertical=\u00a0\u00bbmiddle\u00a0\u00bb gutter_size=\u00a0\u00bb3&Prime; overlay_alpha=\u00a0\u00bb50&Prime; shift_x=\u00a0\u00bb0&Prime; shift_y=\u00a0\u00bb0&Prime; shift_y_down=\u00a0\u00bb0&Prime; z_index=\u00a0\u00bb0&Prime; [&hellip;]\" \/>\n<meta property=\"og:url\" content=\"https:\/\/eco-cycle.ca\/fr\/recyclage-de-gazon-synthetique\/\" \/>\n<meta property=\"og:site_name\" content=\"Eco-Cycle Environmental Services\" \/>\n<meta property=\"article:modified_time\" content=\"2021-09-09T14:01:14+00:00\" \/>\n<meta name=\"twitter:card\" content=\"summary_large_image\" \/>\n<meta name=\"twitter:label1\" content=\"Dur\u00e9e de lecture estim\u00e9e\" \/>\n\t<meta name=\"twitter:data1\" content=\"3 minutes\" \/>\n<script type=\"application\/ld+json\" class=\"yoast-schema-graph\">{\"@context\":\"https:\\\/\\\/schema.org\",\"@graph\":[{\"@type\":\"WebPage\",\"@id\":\"https:\\\/\\\/eco-cycle.ca\\\/fr\\\/recyclage-de-gazon-synthetique\\\/\",\"url\":\"https:\\\/\\\/eco-cycle.ca\\\/fr\\\/recyclage-de-gazon-synthetique\\\/\",\"name\":\"Recyclage de gazon synth\u00e9tique - Eco-Cycle Environmental Services\",\"isPartOf\":{\"@id\":\"https:\\\/\\\/eco-cycle.ca\\\/fr\\\/#website\"},\"datePublished\":\"2021-09-07T02:27:07+00:00\",\"dateModified\":\"2021-09-09T14:01:14+00:00\",\"breadcrumb\":{\"@id\":\"https:\\\/\\\/eco-cycle.ca\\\/fr\\\/recyclage-de-gazon-synthetique\\\/#breadcrumb\"},\"inLanguage\":\"fr-FR\",\"potentialAction\":[{\"@type\":\"ReadAction\",\"target\":[\"https:\\\/\\\/eco-cycle.ca\\\/fr\\\/recyclage-de-gazon-synthetique\\\/\"]}]},{\"@type\":\"BreadcrumbList\",\"@id\":\"https:\\\/\\\/eco-cycle.ca\\\/fr\\\/recyclage-de-gazon-synthetique\\\/#breadcrumb\",\"itemListElement\":[{\"@type\":\"ListItem\",\"position\":1,\"name\":\"Home\",\"item\":\"https:\\\/\\\/eco-cycle.ca\\\/fr\\\/\"},{\"@type\":\"ListItem\",\"position\":2,\"name\":\"Recyclage de gazon synth\u00e9tique\"}]},{\"@type\":\"WebSite\",\"@id\":\"https:\\\/\\\/eco-cycle.ca\\\/fr\\\/#website\",\"url\":\"https:\\\/\\\/eco-cycle.ca\\\/fr\\\/\",\"name\":\"Eco-Cycle Environmental Services\",\"description\":\"Artificial Turf Recycling Services\",\"potentialAction\":[{\"@type\":\"SearchAction\",\"target\":{\"@type\":\"EntryPoint\",\"urlTemplate\":\"https:\\\/\\\/eco-cycle.ca\\\/fr\\\/?s={search_term_string}\"},\"query-input\":{\"@type\":\"PropertyValueSpecification\",\"valueRequired\":true,\"valueName\":\"search_term_string\"}}],\"inLanguage\":\"fr-FR\"}]}<\/script>\n<!-- \/ Yoast SEO plugin. -->","yoast_head_json":{"title":"Recyclage de gazon synth\u00e9tique - Eco-Cycle Environmental Services","robots":{"index":"index","follow":"follow","max-snippet":"max-snippet:-1","max-image-preview":"max-image-preview:large","max-video-preview":"max-video-preview:-1"},"canonical":"https:\/\/eco-cycle.ca\/fr\/recyclage-de-gazon-synthetique\/","og_locale":"fr_FR","og_type":"article","og_title":"Recyclage de gazon synth\u00e9tique - Eco-Cycle Environmental Services","og_description":"[vc_row row_height_percent=\u00a0\u00bb0&Prime; override_padding=\u00a0\u00bbyes\u00a0\u00bb h_padding=\u00a0\u00bb5&Prime; top_padding=\u00a0\u00bb2&Prime; bottom_padding=\u00a0\u00bb2&Prime; overlay_alpha=\u00a0\u00bb50&Prime; gutter_size=\u00a0\u00bb3&Prime; column_width_percent=\u00a0\u00bb100&Prime; shift_y=\u00a0\u00bb0&Prime; z_index=\u00a0\u00bb0&Prime; uncode_shortcode_id=\u00a0\u00bb180339&Prime;][vc_column column_width_percent=\u00a0\u00bb100&Prime; position_vertical=\u00a0\u00bbmiddle\u00a0\u00bb gutter_size=\u00a0\u00bb3&Prime; overlay_alpha=\u00a0\u00bb50&Prime; shift_x=\u00a0\u00bb0&Prime; shift_y=\u00a0\u00bb0&Prime; shift_y_down=\u00a0\u00bb0&Prime; z_index=\u00a0\u00bb0&Prime; [&hellip;]","og_url":"https:\/\/eco-cycle.ca\/fr\/recyclage-de-gazon-synthetique\/","og_site_name":"Eco-Cycle Environmental Services","article_modified_time":"2021-09-09T14:01:14+00:00","twitter_card":"summary_large_image","twitter_misc":{"Dur\u00e9e de lecture estim\u00e9e":"3 minutes"},"schema":{"@context":"https:\/\/schema.org","@graph":[{"@type":"WebPage","@id":"https:\/\/eco-cycle.ca\/fr\/recyclage-de-gazon-synthetique\/","url":"https:\/\/eco-cycle.ca\/fr\/recyclage-de-gazon-synthetique\/","name":"Recyclage de gazon synth\u00e9tique - Eco-Cycle Environmental Services","isPartOf":{"@id":"https:\/\/eco-cycle.ca\/fr\/#website"},"datePublished":"2021-09-07T02:27:07+00:00","dateModified":"2021-09-09T14:01:14+00:00","breadcrumb":{"@id":"https:\/\/eco-cycle.ca\/fr\/recyclage-de-gazon-synthetique\/#breadcrumb"},"inLanguage":"fr-FR","potentialAction":[{"@type":"ReadAction","target":["https:\/\/eco-cycle.ca\/fr\/recyclage-de-gazon-synthetique\/"]}]},{"@type":"BreadcrumbList","@id":"https:\/\/eco-cycle.ca\/fr\/recyclage-de-gazon-synthetique\/#breadcrumb","itemListElement":[{"@type":"ListItem","position":1,"name":"Home","item":"https:\/\/eco-cycle.ca\/fr\/"},{"@type":"ListItem","position":2,"name":"Recyclage de gazon synth\u00e9tique"}]},{"@type":"WebSite","@id":"https:\/\/eco-cycle.ca\/fr\/#website","url":"https:\/\/eco-cycle.ca\/fr\/","name":"Eco-Cycle Environmental Services","description":"Artificial Turf Recycling Services","potentialAction":[{"@type":"SearchAction","target":{"@type":"EntryPoint","urlTemplate":"https:\/\/eco-cycle.ca\/fr\/?s={search_term_string}"},"query-input":{"@type":"PropertyValueSpecification","valueRequired":true,"valueName":"search_term_string"}}],"inLanguage":"fr-FR"}]}},"_links":{"self":[{"href":"https:\/\/eco-cycle.ca\/fr\/wp-json\/wp\/v2\/pages\/762","targetHints":{"allow":["GET"]}}],"collection":[{"href":"https:\/\/eco-cycle.ca\/fr\/wp-json\/wp\/v2\/pages"}],"about":[{"href":"https:\/\/eco-cycle.ca\/fr\/wp-json\/wp\/v2\/types\/page"}],"author":[{"embeddable":true,"href":"https:\/\/eco-cycle.ca\/fr\/wp-json\/wp\/v2\/users\/1"}],"replies":[{"embeddable":true,"href":"https:\/\/eco-cycle.ca\/fr\/wp-json\/wp\/v2\/comments?post=762"}],"version-history":[{"count":2,"href":"https:\/\/eco-cycle.ca\/fr\/wp-json\/wp\/v2\/pages\/762\/revisions"}],"predecessor-version":[{"id":939,"href":"https:\/\/eco-cycle.ca\/fr\/wp-json\/wp\/v2\/pages\/762\/revisions\/939"}],"wp:attachment":[{"href":"https:\/\/eco-cycle.ca\/fr\/wp-json\/wp\/v2\/media?parent=762"}],"curies":[{"name":"wp","href":"https:\/\/api.w.org\/{rel}","templated":true}]}}